{"id":220,"date":"2020-01-26T15:21:11","date_gmt":"2020-01-26T14:21:11","guid":{"rendered":"https:\/\/www.gagnaire-debarras.fr\/?page_id=220"},"modified":"2020-01-26T16:06:16","modified_gmt":"2020-01-26T15:06:16","slug":"services","status":"publish","type":"page","link":"https:\/\/www.gagnaire-debarras.fr\/index.php\/services\/","title":{"rendered":"Services"},"content":{"rendered":"<div id=\"pl-220\"  class=\"panel-layout\" ><div id=\"pg-220-0\"  class=\"panel-grid panel-no-style\" ><div id=\"pgc-220-0-0\"  class=\"panel-grid-cell\" ><div id=\"panel-220-0-0-0\" class=\"so-panel widget widget_sow-editor panel-first-child panel-last-child\" data-index=\"0\" ><div\n\t\t\t\n\t\t\tclass=\"so-widget-sow-editor so-widget-sow-editor-base\"\n\t\t\t\n\t\t>\n<div class=\"siteorigin-widget-tinymce textwidget\">\n\t<h2>Services de d\u00e9barras pour tous vos besoins<\/h2>\n<p>Nous\u00a0vous proposons de d\u00e9barrasser vos meubles, bibelots et autres objets ou mat\u00e9riaux plus ou moins encombrants, de mani\u00e8re rapide et efficace.\u00a0Nous nous chargeons de l'\u00e9vacuation de vos meubles encombrants et autres objets que vous ne souhaitez pas conserver, et vous d\u00e9livrons de cette tache p\u00e9nible qu'est le d\u00e9barras et d\u00e9m\u00e9nagement d'objets lourds et volumineux. Nous r\u00e9pondons rapidement \u00e0 votre demande et sommes parfaitement bien \u00e9quip\u00e9s pour nous adapter \u00e0 toutes les circonstances (par exemple lieux parfois difficiles d'acc\u00e8s) gr\u00e2ce \u00e0 notre \u00e9quipe comp\u00e9tente, rod\u00e9e, dot\u00e9e d'outillage adapt\u00e9 pour le d\u00e9montage et enl\u00e8vement de mobilier, transport et manutention.<\/p>\n<\/div>\n<\/div><\/div><\/div><\/div><div id=\"pg-220-1\"  class=\"panel-grid panel-no-style\" ><div id=\"pgc-220-1-0\"  class=\"panel-grid-cell\" ><div id=\"panel-220-1-0-0\" class=\"so-panel widget widget_sow-editor panel-first-child panel-last-child\" data-index=\"1\" ><div\n\t\t\t\n\t\t\tclass=\"so-widget-sow-editor so-widget-sow-editor-base\"\n\t\t\t\n\t\t>\n<div class=\"siteorigin-widget-tinymce textwidget\">\n\t<div id=\"pgc-12-5-1\" class=\"panel-grid-cell\">\n<div id=\"panel-12-5-1-0\" class=\"so-panel widget widget_sow-editor panel-first-child panel-last-child\" data-index=\"12\">\n<div class=\"so-widget-sow-editor so-widget-sow-editor-base\">\n<div class=\"siteorigin-widget-tinymce textwidget\">\n<div class=\"siteorigin-widget-tinymce textwidget\">\n<div class=\"siteorigin-widget-tinymce textwidget\">\n<p><strong>Enl\u00e8vement d'encombrants<\/strong><\/p>\n<p><strong>Maison, appartement, de la cave au grenier<\/strong><\/p>\n<p><strong>Ramassage de d\u00e9chets verts<\/strong><\/p>\n<p><strong>Gravats, mat\u00e9riaux de construction<\/strong><\/p>\n<\/div>\n<\/div>\n<\/div>\n<\/div>\n<\/div>\n<\/div>\n<\/div>\n<\/div><\/div><\/div><\/div><div id=\"pg-220-2\"  class=\"panel-grid panel-no-style\" ><div id=\"pgc-220-2-0\"  class=\"panel-grid-cell\" ><div id=\"panel-220-2-0-0\" class=\"so-panel widget widget_sow-editor panel-first-child\" data-index=\"2\" ><div\n\t\t\t\n\t\t\tclass=\"so-widget-sow-editor so-widget-sow-editor-base\"\n\t\t\t\n\t\t>\n<div class=\"siteorigin-widget-tinymce textwidget\">\n\t<div id=\"pgc-12-5-1\" class=\"panel-grid-cell\">\n<div id=\"panel-12-5-1-0\" class=\"so-panel widget widget_sow-editor panel-first-child panel-last-child\" data-index=\"12\">\n<div class=\"so-widget-sow-editor so-widget-sow-editor-base\">\n<h3>Nous d\u00e9barrassons \u00e9galement tous types de locaux professionnels<\/h3>\n<p>Nos \u00e9quipes \u00a0sont \u00e9quip\u00e9es de tout le mat\u00e9riel ad\u00e9quat pour un enl\u00e8vement rapide afin de minimiser au maximum votre temps d'immobilisation des locaux \u00e0 vider, et d'une amplitude d'horaires la mieux adapt\u00e9e \u00e0 vos besoins et \u00e0 chaque situation. \u00a0Nous travaillons dans le respect des consignes de s\u00e9curit\u00e9, (isolation des cables...) et\u00a0dans le respect des r\u00e8gles environnementales.<\/p>\n<\/div>\n<\/div>\n<\/div>\n<\/div>\n<\/div><\/div><div id=\"panel-220-2-0-1\" class=\"so-panel widget widget_sow-editor panel-last-child\" data-index=\"3\" ><div\n\t\t\t\n\t\t\tclass=\"so-widget-sow-editor so-widget-sow-editor-base\"\n\t\t\t\n\t\t>\n<div class=\"siteorigin-widget-tinymce textwidget\">\n\t<p><strong>D\u00e9barras de locaux commerciaux<\/strong><\/p>\n<p><strong>Destruction d'archives<\/strong><\/p>\n<p><strong>Enl\u00e8vement de gravats<\/strong><\/p>\n<p><strong>R\u00e9cup\u00e9ration de mat\u00e9riaux de construction<\/strong><\/p>\n<\/div>\n<\/div><\/div><\/div><\/div><div id=\"pg-220-3\"  class=\"panel-grid panel-no-style\" ><div id=\"pgc-220-3-0\"  class=\"panel-grid-cell\" ><div id=\"panel-220-3-0-0\" class=\"so-panel widget widget_sow-editor panel-first-child panel-last-child\" data-index=\"4\" ><div\n\t\t\t\n\t\t\tclass=\"so-widget-sow-editor so-widget-sow-editor-base\"\n\t\t\t\n\t\t>\n<div class=\"siteorigin-widget-tinymce textwidget\">\n\t<h3><strong>Location de bennes<\/strong><\/h3>\n<p>Vous fa\u00eetes des travaux de r\u00e9novation,\u00a0d'am\u00e9nagement ext\u00e9rieur, de jardin et vous souhaitez \u00e9vacuer vos d\u00e9chets?<\/p>\n<p>Nous mettons \u00e0 votre disposition une large gamme de contenants\u00a0\u00e0 prix comp\u00e9titifs.<br \/>\nChaque type de d\u00e9chet fait l'objet d'une attention particuli\u00e8re. \u00a0C'est pourquoi, nos bennes sont destin\u00e9es soit : au bois, aux m\u00e9taux ou au tout-venant.<br \/>\nVotre location de benne inclut la livraison et l'enl\u00e8vement de la benne.<\/p>\n<p>Afin de pouvoir r\u00e9pondre au mieux \u00e0 votre demande, quelques informations sont n\u00e9cessaires :<br \/>\n- Identifiez le type de d\u00e9chet que vous souhaitez valoriser.<br \/>\n- Estimez la quantit\u00e9 de d\u00e9chets \u00e0 \u00e9vacuer.<\/p>\n<h4><strong>Remplissez ensuite le\u00a0formulaire en ligne ci-contre.<br \/>\n<\/strong><strong>Une r\u00e9ponse vous sera apport\u00e9e dans les 24h\/48h.<\/strong><\/h4>\n<p>.<\/p>\n<\/div>\n<\/div><\/div><\/div><\/div><\/div>","protected":false},"excerpt":{"rendered":"<p>Services de d\u00e9barras pour tous vos besoins Nous\u00a0vous proposons de d\u00e9barrasser vos meubles, bibelots et autres objets ou mat\u00e9riaux plus ou moins encombrants, de mani\u00e8re rapide et efficace.\u00a0Nous nous chargeons de l&rsquo;\u00e9vacuation de vos meubles encombrants et autres objets que vous ne souhaitez pas conserver, et vous d\u00e9livrons de cette tache p\u00e9nible qu&rsquo;est le d\u00e9barras [&hellip;]<\/p>\n","protected":false},"author":1,"featured_media":0,"parent":0,"menu_order":0,"comment_status":"closed","ping_status":"closed","template":"","meta":{"footnotes":""},"class_list":["post-220","page","type-page","status-publish","hentry"],"_links":{"self":[{"href":"https:\/\/www.gagnaire-debarras.fr\/index.php\/wp-json\/wp\/v2\/pages\/220","targetHints":{"allow":["GET"]}}],"collection":[{"href":"https:\/\/www.gagnaire-debarras.fr\/index.php\/wp-json\/wp\/v2\/pages"}],"about":[{"href":"https:\/\/www.gagnaire-debarras.fr\/index.php\/wp-json\/wp\/v2\/types\/page"}],"author":[{"embeddable":true,"href":"https:\/\/www.gagnaire-debarras.fr\/index.php\/wp-json\/wp\/v2\/users\/1"}],"replies":[{"embeddable":true,"href":"https:\/\/www.gagnaire-debarras.fr\/index.php\/wp-json\/wp\/v2\/comments?post=220"}],"version-history":[{"count":13,"href":"https:\/\/www.gagnaire-debarras.fr\/index.php\/wp-json\/wp\/v2\/pages\/220\/revisions"}],"predecessor-version":[{"id":236,"href":"https:\/\/www.gagnaire-debarras.fr\/index.php\/wp-json\/wp\/v2\/pages\/220\/revisions\/236"}],"wp:attachment":[{"href":"https:\/\/www.gagnaire-debarras.fr\/index.php\/wp-json\/wp\/v2\/media?parent=220"}],"curies":[{"name":"wp","href":"https:\/\/api.w.org\/{rel}","templated":true}]}}